{"id":3,"date":"2023-01-29T23:04:03","date_gmt":"2023-01-29T23:04:03","guid":{"rendered":"https:\/\/meverick.de\/?page_id=3"},"modified":"2024-09-15T08:30:28","modified_gmt":"2024-09-15T08:30:28","slug":"privacy-policy","status":"publish","type":"page","link":"https:\/\/meverick.de\/?page_id=3","title":{"rendered":"Privacy Policy"},"content":{"rendered":"\n<h2 class=\"wp-block-heading\">Anbieterversprechen<\/h2>\n\n\n\n<p>Diese Webseite ist keine Abo-Falle und enth\u00e4lt keine versteckten Geb\u00fchren.<br>Wir bem\u00fchen uns um klare, verst\u00e4ndliche und faire Nutzungsbedingungen und rechtliche Hinweise, ohne \u00dcberraschungen.<br>Von Nutzern gespeicherte Daten werden nicht an Dritte weitergegeben.<br>Wir bieten pers\u00f6nlichen Service per Mail oder Telefon.<br>Unsere Webseite entspricht dem deutschen Recht.<br>Auf dieses Versprechen k\u00f6nnen Sie sich jederzeit berufen.<br><br>Ihr Bernd &#8222;MEVERICK&#8220; Ehrmann<\/p>\n\n\n\n<h3 class=\"wp-block-heading\">Haftungsausschluss<\/h3>\n\n\n\n<p>Der Inhalt dieser Webseite wurde mit gr\u00f6\u00dfter Sorgfalt, nach bestem Wissen und Gewissen erstellt. Als Anbieter dieser Webseite \u00fcbernehmen wir keine Haftung f\u00fcr Vollst\u00e4ndigkeit, Richtigkeit, Aktualit\u00e4t oder Verl\u00e4sslichkeit der bereitgestellten Inhalte. Wir stellen die Inhalte auf der Webseite zum Abruf bereit. F\u00fcr die Brauchbarkeit der Inhalte \u00fcbernehmen wir keine Gew\u00e4hr. Inhalte mit namentlich genannten Autoren sind die Meinung des Autors, aber nicht zwingend die Meinung des Anbieters.<\/p>\n\n\n\n<h3 class=\"wp-block-heading\">Urheberrechte \/ Creative Commons<\/h3>\n\n\n\n<p>Inhalte auf unserer Webseite sind urheberrechtlich gesch\u00fctzt. Eine Verwertung unserer Inhalte bedarf unserer ausdr\u00fccklichen vorherigen Zustimmung. Nichtsdestotrotz kann im Rahmen des Zitatrechts aus unseren Inhalten zitiert werden, wenn gleichzeitig ein Link auf den vollst\u00e4ndigen Text auf unserer Webseite gesetzt und unsere Seite sowie (wenn angegeben) der Autor des Textes genannt wird. F\u00fcr den privaten Gebrauch k\u00f6nnen Kopien von unseren Werken angefertigt werden, z.B. durch Ausdruck oder Download auf ein lokales Speichermedium. Eine Ver\u00f6ffentlichung im Internet ist ausdr\u00fccklich keine private Nutzung.<br>Sofern Inhalte auf unserer Webseite freie Inhalte im Sinne der Creative Commons sind, sind diese Inhalte entsprechend gekennzeichnet und unterliegen der Creative Commons Namensnennung-Weitergabe unter gleichen Bedingungen 3.0 Deutschland Lizenz. <a href=\"http:\/\/creativecommons.org\/licenses\/by-sa\/3.0\/de\/\">http:\/\/creativecommons.org\/licenses\/by-sa\/3.0\/de\/<\/a><br>Links auf unsere Webseite und Unterseiten (so genannte Deep Links) sind jederzeit und ohne vorherige Einwilligung m\u00f6glich.<\/p>\n\n\n\n<h3 class=\"wp-block-heading\">Wir mahnen nicht ab ohne vorherigen Kontakt<\/h3>\n\n\n\n<p>Wir mahnen Webseiten, mit denen wir im Wettbewerb stehen oder die unsere Rechte verletzen, nicht ab, ohne diese vorher auf die Rechtswidrigkeit hingewiesen und ihnen insoweit M\u00f6glichkeit zur Beseitigung der Rechtswidrigkeit gegeben zu haben. Gleichzeitig bitten wir um Hinweise und vorherigen Kontakt ohne Kostennote und Abmahnung an uns, sollten Inhalte unserer Webseite gegen geltendes Recht versto\u00dfen oder Rechte Dritter verletzen. Wir sind stets um die Rechtm\u00e4\u00dfigkeit unserer Webseite bem\u00fcht. Wir werden die beanstandeten Inhalte unverz\u00fcglich \u00fcberpr\u00fcfen und in angemessener Frist die Rechtswidrigkeit beseitigen bzw. anpassen. Wir wissen, dass uns diese Passage nicht vor rechtm\u00e4\u00dfigen Abmahnungen sch\u00fctzt.<\/p>\n\n\n\n<h3 class=\"wp-block-heading\">Datenschutz und Datensicherheit<\/h3>\n\n\n\n<p>Als Anbieter ist uns die Datensicherheit und der Schutz Ihrer Privatssph\u00e4re sehr wichtig. Allerdings ist diese Webseite und unser Server kein Hochsicherheitssystem. Insbesondere durch die Anbindung an das Internet kann nicht gew\u00e4hrleistet werden, dass abgerufene oder uns geschickte Informationen nicht abgefangen oder abgeh\u00f6rt werden.<br>Wir speichern das Nutzerverhalten auf unserer Webseite in anonymisierter Form ohne personenbezoge Daten. Die Speicherung dient zur Analyse und Verbesserung unser Webseite. Eine Weitergabe von Daten an Dritte, insbesondere zu Werbezwecken, erfolgt nicht.<\/p>\n\n\n\n<h3 class=\"wp-block-heading\">Verantwortung f\u00fcr Links<\/h3>\n\n\n\n<p>Auf der Webseite befinden sich Links zu Internetseiten von Dritten, so genannte externe Links. Zum Zeitpunkt der Verlinkung wurde die jeweilige Webseite auf Vereinbarkeit mit deutschem Recht \u00fcberpr\u00fcft. Verst\u00f6\u00dfe gegen geltendes Recht wurden nicht festgestellt. Bei den verlinkten Webseiten handelt es sich um Inhalte Dritter, f\u00fcr die wir nicht verantwortlich sind, eine regelm\u00e4\u00dfige \u00dcberpr\u00fcfung der verlinkten Webseiten auf Rechtm\u00e4\u00dfigkeit k\u00f6nnen wir ausdr\u00fccklich nicht leisten. Wenn wir positive Kenntnis von rechtswidrigen Inhalten auf verlinkten Webseiten erhalten, werden wir die Links unverz\u00fcglich entfernen.<\/p>\n\n\n\n<p><a href=\"https:\/\/www.123recht.de\/muster-haftungsausschluss.asp\">Disclaimer erstellt mit dem Muster Disclaimer von 123recht.de &#8211; Rechtsberatung online.<\/a><\/p>\n\n\n\n<p><\/p>\n\n\n\n<h2 class=\"wp-block-heading\">Impressum<\/h2>\n\n\n\n<p>Bernd Ehrmann<br>Schweinsdorf 23<br>D-91616 Neusitz<\/p>\n\n\n\n<p>Telefon: +49-9861-9765323<br>Telefax: +49-9861-9765323<br>E-Mail: <a href=\"mailto:admin@mevericks-bilder.de\">admin@mevericks-bilder.de<\/a><\/p>\n\n\n\n<p>Online-Streitbeilegung<br>Im Streitfall k\u00f6nnen Verbraucher die Online-Streitbeilegungsplattform der EU-Kommission unter <a href=\"http:\/\/ec.europa.eu\/consumers\/odr\/\">http:\/\/ec.europa.eu\/consumers\/odr\/<\/a> zur L\u00f6sung von Konflikten verwenden.<\/p>\n\n\n\n<p>Wir nehmen an einem Streitbeilegungsverfahren vor einer Verbraucherschlichtungsstelle teil. F\u00fcr Anw\u00e4lte ist dies die Schlichtungsstelle der Rechtsanwaltschaft, Neue Gr\u00fcnstr. 17, 10179 Berlin, <a href=\"http:\/\/www.s-d-r.org.\">http:\/\/www.s-d-r.org.<\/a><\/p>\n\n\n\n<p><a href=\"https:\/\/www.123recht.de\/impressumsgenerator.asp\">Impressum erstellt mit dem Impressumsgenerator von 123recht.de &#8211; Rechtsberatung online.<\/a><\/p>\n","protected":false},"excerpt":{"rendered":"<p>Anbieterversprechen Diese Webseite ist keine Abo-Falle und enth\u00e4lt keine versteckten Geb\u00fchren.Wir bem\u00fchen uns um klare, verst\u00e4ndliche und faire Nutzungsbedingungen und rechtliche Hinweise, ohne \u00dcberraschungen.Von Nutzern gespeicherte Daten werden nicht an<\/p>\n<p class=\"more-link\"><a href=\"https:\/\/meverick.de\/?page_id=3\" class=\"readmore\">Read More<svg class=\"icon icon-angle-right\" aria-hidden=\"true\" role=\"img\"> <use href=\"#icon-angle-right\" xlink:href=\"#icon-angle-right\"><\/use> <\/svg><span class=\"screen-reader-text\">Privacy Policy<\/span><\/a><\/p>\n","protected":false},"author":1,"featured_media":0,"parent":0,"menu_order":0,"comment_status":"closed","ping_status":"open","template":"","meta":{"footnotes":""},"class_list":["post-3","page","type-page","status-publish","hentry"],"_links":{"self":[{"href":"https:\/\/meverick.de\/index.php?rest_route=\/wp\/v2\/pages\/3","targetHints":{"allow":["GET"]}}],"collection":[{"href":"https:\/\/meverick.de\/index.php?rest_route=\/wp\/v2\/pages"}],"about":[{"href":"https:\/\/meverick.de\/index.php?rest_route=\/wp\/v2\/types\/page"}],"author":[{"embeddable":true,"href":"https:\/\/meverick.de\/index.php?rest_route=\/wp\/v2\/users\/1"}],"replies":[{"embeddable":true,"href":"https:\/\/meverick.de\/index.php?rest_route=%2Fwp%2Fv2%2Fcomments&post=3"}],"version-history":[{"count":3,"href":"https:\/\/meverick.de\/index.php?rest_route=\/wp\/v2\/pages\/3\/revisions"}],"predecessor-version":[{"id":12,"href":"https:\/\/meverick.de\/index.php?rest_route=\/wp\/v2\/pages\/3\/revisions\/12"}],"wp:attachment":[{"href":"https:\/\/meverick.de\/index.php?rest_route=%2Fwp%2Fv2%2Fmedia&parent=3"}],"curies":[{"name":"wp","href":"https:\/\/api.w.org\/{rel}","templated":true}]}}